{"id":29314,"date":"2025-04-03T20:37:15","date_gmt":"2025-04-03T18:37:15","guid":{"rendered":"https:\/\/asl52.fr\/?page_id=29314"},"modified":"2026-02-14T11:58:25","modified_gmt":"2026-02-14T10:58:25","slug":"infos-diverses","status":"publish","type":"page","link":"https:\/\/asl52.fr\/?page_id=29314","title":{"rendered":"INFOS DIVERSES"},"content":{"rendered":"\t\t<div data-elementor-type=\"wp-page\" data-elementor-id=\"29314\" class=\"elementor elementor-29314\">\n\t\t\t\t\t\t<section class=\"elementor-section elementor-top-section elementor-element elementor-element-144096dd elementor-section-height-min-height elementor-section-boxed elementor-section-height-default elementor-section-items-middle\" data-id=\"144096dd\" data-element_type=\"section\" data-settings=\"{&quot;background_background&quot;:&quot;classic&quot;}\">\n\t\t\t\t\t\t\t<div class=\"elementor-background-overlay\"><\/div>\n\t\t\t\t\t\t\t<div class=\"elementor-container elementor-column-gap-no\">\n\t\t\t\t\t<div class=\"elementor-column elementor-col-33 elementor-top-column elementor-element elementor-element-40458ce1\" data-id=\"40458ce1\" data-element_type=\"column\">\n\t\t\t<div class=\"elementor-widget-wrap elementor-element-populated\">\n\t\t\t\t\t\t<div class=\"elementor-element elementor-element-5c2f933b elementor-widget__width-initial elementor-invisible elementor-widget elementor-widget-heading\" data-id=\"5c2f933b\" data-element_type=\"widget\" data-settings=\"{&quot;_animation&quot;:&quot;fadeIn&quot;,&quot;_animation_delay&quot;:200}\" data-widget_type=\"heading.default\">\n\t\t\t\t<div class=\"elementor-widget-container\">\n\t\t\t<style>\/*! elementor - v3.23.0 - 05-08-2024 *\/\n.elementor-heading-title{padding:0;margin:0;line-height:1}.elementor-widget-heading .elementor-heading-title[class*=elementor-size-]>a{color:inherit;font-size:inherit;line-height:inherit}.elementor-widget-heading .elementor-heading-title.elementor-size-small{font-size:15px}.elementor-widget-heading .elementor-heading-title.elementor-size-medium{font-size:19px}.elementor-widget-heading .elementor-heading-title.elementor-size-large{font-size:29px}.elementor-widget-heading .elementor-heading-title.elementor-size-xl{font-size:39px}.elementor-widget-heading .elementor-heading-title.elementor-size-xxl{font-size:59px}<\/style><h1 class=\"elementor-heading-title elementor-size-default\">Infos diverses et vari\u00e9es<\/h1>\t\t<\/div>\n\t\t\t\t<\/div>\n\t\t\t\t\t<\/div>\n\t\t<\/div>\n\t\t\t\t<div class=\"elementor-column elementor-col-33 elementor-top-column elementor-element elementor-element-64292237\" data-id=\"64292237\" data-element_type=\"column\" data-settings=\"{&quot;background_background&quot;:&quot;classic&quot;}\">\n\t\t\t<div class=\"elementor-widget-wrap elementor-element-populated\">\n\t\t\t\t\t\t<div class=\"elementor-element elementor-element-f50edcc elementor-widget elementor-widget-image\" data-id=\"f50edcc\" data-element_type=\"widget\" data-widget_type=\"image.default\">\n\t\t\t\t<div class=\"elementor-widget-container\">\n\t\t\t<style>\/*! elementor - v3.23.0 - 05-08-2024 *\/\n.elementor-widget-image{text-align:center}.elementor-widget-image a{display:inline-block}.elementor-widget-image a img[src$=\".svg\"]{width:48px}.elementor-widget-image img{vertical-align:middle;display:inline-block}<\/style>\t\t\t\t\t\t\t\t\t\t<img fetchpriority=\"high\" width=\"1280\" height=\"1280\" src=\"https:\/\/asl52.fr\/wp-content\/uploads\/2025\/04\/379a59f9-2929-486d-af62-1830747dfd87.png\" class=\"attachment-large size-large wp-image-29339\" alt=\"\" srcset=\"https:\/\/asl52.fr\/wp-content\/uploads\/2025\/04\/379a59f9-2929-486d-af62-1830747dfd87.png 1280w, https:\/\/asl52.fr\/wp-content\/uploads\/2025\/04\/379a59f9-2929-486d-af62-1830747dfd87-300x300.png 300w, https:\/\/asl52.fr\/wp-content\/uploads\/2025\/04\/379a59f9-2929-486d-af62-1830747dfd87-150x150.png 150w, https:\/\/asl52.fr\/wp-content\/uploads\/2025\/04\/379a59f9-2929-486d-af62-1830747dfd87-768x768.png 768w\" sizes=\"(max-width: 1280px) 100vw, 1280px\" \/>\t\t\t\t\t\t\t\t\t\t\t\t\t<\/div>\n\t\t\t\t<\/div>\n\t\t\t\t\t<\/div>\n\t\t<\/div>\n\t\t\t\t<div class=\"elementor-column elementor-col-33 elementor-top-column elementor-element elementor-element-10b4a3b4\" data-id=\"10b4a3b4\" data-element_type=\"column\">\n\t\t\t<div class=\"elementor-widget-wrap elementor-element-populated\">\n\t\t\t\t\t\t<div class=\"elementor-element elementor-element-1df995db elementor-invisible elementor-widget elementor-widget-text-editor\" data-id=\"1df995db\" data-element_type=\"widget\" data-settings=\"{&quot;_animation&quot;:&quot;fadeIn&quot;,&quot;_animation_delay&quot;:400}\" data-widget_type=\"text-editor.default\">\n\t\t\t\t<div class=\"elementor-widget-container\">\n\t\t\t<style>\/*! elementor - v3.23.0 - 05-08-2024 *\/\n.elementor-widget-text-editor.elementor-drop-cap-view-stacked .elementor-drop-cap{background-color:#69727d;color:#fff}.elementor-widget-text-editor.elementor-drop-cap-view-framed .elementor-drop-cap{color:#69727d;border:3px solid;background-color:transparent}.elementor-widget-text-editor:not(.elementor-drop-cap-view-default) .elementor-drop-cap{margin-top:8px}.elementor-widget-text-editor:not(.elementor-drop-cap-view-default) .elementor-drop-cap-letter{width:1em;height:1em}.elementor-widget-text-editor .elementor-drop-cap{float:left;text-align:center;line-height:1;font-size:50px}.elementor-widget-text-editor .elementor-drop-cap-letter{display:inline-block}<\/style>\t\t\t\t<p>Sur cette page vous trouverez quelques infos sur des sujets divers et vari\u00e9s et \u00e9v\u00eanements ext\u00e9rieurs \u00e0 l&rsquo;A.S.L.<\/p>\t\t\t\t\t\t<\/div>\n\t\t\t\t<\/div>\n\t\t\t\t<div class=\"elementor-element elementor-element-13e98781 elementor-view-default elementor-invisible elementor-widget elementor-widget-icon\" data-id=\"13e98781\" data-element_type=\"widget\" data-settings=\"{&quot;_animation&quot;:&quot;fadeInDown&quot;,&quot;_animation_delay&quot;:600}\" data-widget_type=\"icon.default\">\n\t\t\t\t<div class=\"elementor-widget-container\">\n\t\t\t\t\t<div class=\"elementor-icon-wrapper\">\n\t\t\t<a class=\"elementor-icon elementor-animation-sink\" href=\"#services\">\n\t\t\t\t\t\t<\/a>\n\t\t<\/div>\n\t\t\t\t<\/div>\n\t\t\t\t<\/div>\n\t\t\t\t\t<\/div>\n\t\t<\/div>\n\t\t\t\t\t<\/div>\n\t\t<\/section>\n\t\t\t\t<section class=\"elementor-section elementor-top-section elementor-element elementor-element-feeaee3 elementor-section-boxed elementor-section-height-default elementor-section-height-default\" data-id=\"feeaee3\" data-element_type=\"section\">\n\t\t\t\t\t\t<div class=\"elementor-container elementor-column-gap-default\">\n\t\t\t\t\t<div class=\"elementor-column elementor-col-50 elementor-top-column elementor-element elementor-element-9950144\" data-id=\"9950144\" data-element_type=\"column\">\n\t\t\t<div class=\"elementor-widget-wrap elementor-element-populated\">\n\t\t\t\t\t\t<div class=\"elementor-element elementor-element-8969184 elementor-widget elementor-widget-eael-adv-accordion\" data-id=\"8969184\" data-element_type=\"widget\" data-widget_type=\"eael-adv-accordion.default\">\n\t\t\t\t<div class=\"elementor-widget-container\">\n\t\t\t            <div class=\"eael-adv-accordion\" id=\"eael-adv-accordion-8969184\" data-scroll-on-click=\"no\" data-scroll-speed=\"300\" data-accordion-id=\"8969184\" data-accordion-type=\"accordion\" data-toogle-speed=\"300\">\n            <\/div>\t\t<\/div>\n\t\t\t\t<\/div>\n\t\t\t\t\t<\/div>\n\t\t<\/div>\n\t\t\t\t<div class=\"elementor-column elementor-col-50 elementor-top-column elementor-element elementor-element-ff860e7\" data-id=\"ff860e7\" data-element_type=\"column\">\n\t\t\t<div class=\"elementor-widget-wrap elementor-element-populated\">\n\t\t\t\t\t\t<div class=\"elementor-element elementor-element-102b84a elementor-widget elementor-widget-eael-adv-accordion\" data-id=\"102b84a\" data-element_type=\"widget\" data-widget_type=\"eael-adv-accordion.default\">\n\t\t\t\t<div class=\"elementor-widget-container\">\n\t\t\t            <div class=\"eael-adv-accordion\" id=\"eael-adv-accordion-102b84a\" data-scroll-on-click=\"no\" data-scroll-speed=\"300\" data-accordion-id=\"102b84a\" data-accordion-type=\"accordion\" data-toogle-speed=\"300\">\n            <div class=\"eael-accordion-list\">\n\t\t\t\t\t<div id=\"vin-de-laurier-sauce-eliane\" class=\"elementor-tab-title eael-accordion-header\" tabindex=\"0\" data-tab=\"1\" aria-controls=\"elementor-tab-content-1691\"><i aria-hidden=\"true\" class=\"fa-toggle fas fa-angle-right\"><\/i><span class=\"eael-accordion-tab-title\">Vin de laurier sauce (Eliane)<\/span><span class=\"eael-advanced-accordion-icon-closed\"><i aria-hidden=\"true\" class=\"fa-accordion-icon fas fa-plus\"><\/i><\/span><span class=\"eael-advanced-accordion-icon-opened\"><i aria-hidden=\"true\" class=\"fa-accordion-icon fas fa-minus\"><\/i><\/span><\/div><div id=\"elementor-tab-content-1691\" class=\"eael-accordion-content clearfix\" data-tab=\"1\" aria-labelledby=\"vin-de-laurier-sauce-eliane\"><p><a href=\"https:\/\/asl52.fr\/wp-content\/uploads\/2025\/04\/VIN-DE-LAURIER-SAUCE_2.webp\" target=\"_blank\" rel=\"noopener\">Recette\u00a0<\/a><\/p><\/div>\n\t\t\t\t\t<\/div><div class=\"eael-accordion-list\">\n\t\t\t\t\t<div id=\"marbr-chocolat-raymond\" class=\"elementor-tab-title eael-accordion-header\" tabindex=\"0\" data-tab=\"2\" aria-controls=\"elementor-tab-content-1692\"><i aria-hidden=\"true\" class=\"fa-toggle fas fa-angle-right\"><\/i><span class=\"eael-accordion-tab-title\">Marbr\u00e9 chocolat (Raymond)<\/span><span class=\"eael-advanced-accordion-icon-closed\"><i aria-hidden=\"true\" class=\"fa-accordion-icon fas fa-plus\"><\/i><\/span><span class=\"eael-advanced-accordion-icon-opened\"><i aria-hidden=\"true\" class=\"fa-accordion-icon fas fa-minus\"><\/i><\/span><\/div><div id=\"elementor-tab-content-1692\" class=\"eael-accordion-content clearfix\" data-tab=\"2\" aria-labelledby=\"marbr-chocolat-raymond\"><p><a href=\"https:\/\/asl52.fr\/wp-content\/uploads\/2025\/04\/marbre-chocolat_Raymond.jpg\" target=\"_blank\" rel=\"noopener\">Recette<\/a><\/p><\/div>\n\t\t\t\t\t<\/div><div class=\"eael-accordion-list\">\n\t\t\t\t\t<div id=\"cake-sucr-raymond\" class=\"elementor-tab-title eael-accordion-header\" tabindex=\"0\" data-tab=\"3\" aria-controls=\"elementor-tab-content-1693\"><i aria-hidden=\"true\" class=\"fa-toggle fas fa-angle-right\"><\/i><span class=\"eael-accordion-tab-title\">Cake sucr\u00e9 (Raymond)<\/span><span class=\"eael-advanced-accordion-icon-closed\"><i aria-hidden=\"true\" class=\"fa-accordion-icon fas fa-plus\"><\/i><\/span><span class=\"eael-advanced-accordion-icon-opened\"><i aria-hidden=\"true\" class=\"fa-accordion-icon fas fa-minus\"><\/i><\/span><\/div><div id=\"elementor-tab-content-1693\" class=\"eael-accordion-content clearfix\" data-tab=\"3\" aria-labelledby=\"cake-sucr-raymond\"><p><a href=\"https:\/\/asl52.fr\/wp-content\/uploads\/2025\/04\/cake-sucre_raymond.jpg\" target=\"_blank\" rel=\"noopener\">Recette<\/a><\/p><\/div>\n\t\t\t\t\t<\/div><div class=\"eael-accordion-list\">\n\t\t\t\t\t<div id=\"vin-de-coings-jacqueline\" class=\"elementor-tab-title eael-accordion-header\" tabindex=\"0\" data-tab=\"4\" aria-controls=\"elementor-tab-content-1694\"><i aria-hidden=\"true\" class=\"fa-toggle fas fa-angle-right\"><\/i><span class=\"eael-accordion-tab-title\">Vin de coings (Jacqueline)<\/span><span class=\"eael-advanced-accordion-icon-closed\"><i aria-hidden=\"true\" class=\"fa-accordion-icon fas fa-plus\"><\/i><\/span><span class=\"eael-advanced-accordion-icon-opened\"><i aria-hidden=\"true\" class=\"fa-accordion-icon fas fa-minus\"><\/i><\/span><\/div><div id=\"elementor-tab-content-1694\" class=\"eael-accordion-content clearfix\" data-tab=\"4\" aria-labelledby=\"vin-de-coings-jacqueline\"><p><strong>Ingr\u00e9dients :<\/strong><br \/>\u2022 7 bouteilles <br \/>\u2022 1 kg de sucre <br \/>\u2022 2\u00bd kg de coing <br \/>\u2022 5 l de vin blanc <br \/>\u2022 1 l d\u2019eau de vie (ou alcool pour fruits) <br \/><strong>\u00c9TAPE 1<\/strong> <br \/>Frottez les coings pour leur enlever le duvet. Sans les peler et sans enlever le c\u0153ur, <br \/>coupez les coings en morceaux. <br \/><strong>\u00c9TAPE 2<\/strong> <br \/>Laissez mac\u00e9rer tous les ingr\u00e9dients pendant 1 mois. <br \/><strong>\u00c9TAPE 3<\/strong> <br \/>Filtrez et mettez en bouteille. <br \/><strong>\u00c9TAPE 4<\/strong> <br \/>Servez bien frais.<\/p><\/div>\n\t\t\t\t\t<\/div><div class=\"eael-accordion-list\">\n\t\t\t\t\t<div id=\"madeleines-sales-courgette-chorizo-jacqueline\" class=\"elementor-tab-title eael-accordion-header\" tabindex=\"0\" data-tab=\"5\" aria-controls=\"elementor-tab-content-1695\"><i aria-hidden=\"true\" class=\"fa-toggle fas fa-angle-right\"><\/i><span class=\"eael-accordion-tab-title\">Madeleines sal\u00e9es courgette chorizo (Jacqueline)<\/span><span class=\"eael-advanced-accordion-icon-closed\"><i aria-hidden=\"true\" class=\"fa-accordion-icon fas fa-plus\"><\/i><\/span><span class=\"eael-advanced-accordion-icon-opened\"><i aria-hidden=\"true\" class=\"fa-accordion-icon fas fa-minus\"><\/i><\/span><\/div><div id=\"elementor-tab-content-1695\" class=\"eael-accordion-content clearfix\" data-tab=\"5\" aria-labelledby=\"madeleines-sales-courgette-chorizo-jacqueline\"><p><a href=\"https:\/\/asl52.fr\/wp-content\/uploads\/2025\/05\/Madeleines-salees-courgette-chorizo.pdf\" target=\"_blank\" rel=\"noopener\">Recette<\/a><\/p><\/div>\n\t\t\t\t\t<\/div><div class=\"eael-accordion-list\">\n\t\t\t\t\t<div id=\"bricelets-jacqueline\" class=\"elementor-tab-title eael-accordion-header\" tabindex=\"0\" data-tab=\"6\" aria-controls=\"elementor-tab-content-1696\"><i aria-hidden=\"true\" class=\"fa-toggle fas fa-angle-right\"><\/i><span class=\"eael-accordion-tab-title\">Bricelets (Jacqueline)<\/span><span class=\"eael-advanced-accordion-icon-closed\"><i aria-hidden=\"true\" class=\"fa-accordion-icon fas fa-plus\"><\/i><\/span><span class=\"eael-advanced-accordion-icon-opened\"><i aria-hidden=\"true\" class=\"fa-accordion-icon fas fa-minus\"><\/i><\/span><\/div><div id=\"elementor-tab-content-1696\" class=\"eael-accordion-content clearfix\" data-tab=\"6\" aria-labelledby=\"bricelets-jacqueline\"><p>1\/4 de litre de vin blanc <br \/>\u2022 1\/4 de litre de cr\u00e8me <br \/>\u2022 1 pinc\u00e9e de sel <br \/>\u2022 200g de sucre <br \/>\u2022 250g de farine <br \/>\u2022 Sucre vanil\u00e9<\/p><\/div>\n\t\t\t\t\t<\/div><div class=\"eael-accordion-list\">\n\t\t\t\t\t<div id=\"vin-de-noix-franois-moussu\" class=\"elementor-tab-title eael-accordion-header\" tabindex=\"0\" data-tab=\"7\" aria-controls=\"elementor-tab-content-1697\"><i aria-hidden=\"true\" class=\"fa-toggle fas fa-angle-right\"><\/i><span class=\"eael-accordion-tab-title\">Vin de Noix (Fran\u00e7ois Moussu)<\/span><span class=\"eael-advanced-accordion-icon-closed\"><i aria-hidden=\"true\" class=\"fa-accordion-icon fas fa-plus\"><\/i><\/span><span class=\"eael-advanced-accordion-icon-opened\"><i aria-hidden=\"true\" class=\"fa-accordion-icon fas fa-minus\"><\/i><\/span><\/div><div id=\"elementor-tab-content-1697\" class=\"eael-accordion-content clearfix\" data-tab=\"7\" aria-labelledby=\"vin-de-noix-franois-moussu\"><ul><li>40 noix demi-s\u00e8ches<\/li><li>4 litres de vin rouge de caract\u00e8re<\/li><li>1 litre d&rsquo;eau de vie<\/li><li>350g de sucre de canne<\/li><li>1 gousse de vanille<\/li><li>1 pinc\u00e9e de noix de muscade<\/li><li>1 pinc\u00e9e g\u00e9n\u00e9reuse de cannelle<\/li><\/ul><p>Laisser mac\u00e9rer 3 \u00e0 6 mois avant de le transvaser en bouteille<\/p><\/div>\n\t\t\t\t\t<\/div><div class=\"eael-accordion-list\">\n\t\t\t\t\t<div id=\"galettes-aux-noix\" class=\"elementor-tab-title eael-accordion-header\" tabindex=\"0\" data-tab=\"8\" aria-controls=\"elementor-tab-content-1698\"><i aria-hidden=\"true\" class=\"fa-toggle fas fa-angle-right\"><\/i><span class=\"eael-accordion-tab-title\">Galettes aux noix<\/span><span class=\"eael-advanced-accordion-icon-closed\"><i aria-hidden=\"true\" class=\"fa-accordion-icon fas fa-plus\"><\/i><\/span><span class=\"eael-advanced-accordion-icon-opened\"><i aria-hidden=\"true\" class=\"fa-accordion-icon fas fa-minus\"><\/i><\/span><\/div><div id=\"elementor-tab-content-1698\" class=\"eael-accordion-content clearfix\" data-tab=\"8\" aria-labelledby=\"galettes-aux-noix\"><ul><li>1 \u0153uf entier<\/li><li>150 gr de noix grossi\u00e8rement hach\u00e9es<\/li><li>80 gr de sucre ( ou moins ) blanc ou cassonade c&rsquo;est mieux<\/li><\/ul><p>M\u00e9langer le tout et faire des petits tas de ce m\u00e9lange sur une t\u00f4le avec du papier sulfuris\u00e9 ou \u00e9taler la totalit\u00e9 et couper avec une roulette \u00e0 pizza<\/p><p>Etaler le plus fin possible<\/p><p>Cuisson 10mn \u00e0 180\u00b0<\/p><\/div>\n\t\t\t\t\t<\/div><\/div>\t\t<\/div>\n\t\t\t\t<\/div>\n\t\t\t\t\t<\/div>\n\t\t<\/div>\n\t\t\t\t\t<\/div>\n\t\t<\/section>\n\t\t\t\t<\/div>\n\t\t","protected":false},"excerpt":{"rendered":"<p>Infos diverses et vari\u00e9es Sur cette page vous trouverez quelques infos sur des sujets divers et vari\u00e9s et \u00e9v\u00eanements ext\u00e9rieurs \u00e0 l&rsquo;A.S.L. Vin de laurier sauce (Eliane) Recette\u00a0 Marbr\u00e9 chocolat (Raymond) Recette Cake sucr\u00e9 (Raymond) Recette Vin de coings (Jacqueline) Ingr\u00e9dients :\u2022 7 bouteilles \u2022 1 kg de sucre \u2022 2\u00bd kg de coing \u2022 [&hellip;]<\/p>\n","protected":false},"author":1,"featured_media":0,"parent":0,"menu_order":0,"comment_status":"closed","ping_status":"closed","template":"","meta":{"site-sidebar-layout":"no-sidebar","site-content-layout":"page-builder","ast-site-content-layout":"full-width-container","site-content-style":"default","site-sidebar-style":"default","ast-global-header-display":"","ast-banner-title-visibility":"","ast-main-header-display":"","ast-hfb-above-header-display":"","ast-hfb-below-header-display":"","ast-hfb-mobile-header-display":"","site-post-title":"disabled","ast-breadcrumbs-content":"","ast-featured-img":"disabled","footer-sml-layout":"","ast-disable-related-posts":"","theme-transparent-header-meta":"","adv-header-id-meta":"","stick-header-meta":"","header-above-stick-meta":"","header-main-stick-meta":"","header-below-stick-meta":"","astra-migrate-meta-layouts":"set","ast-page-background-enabled":"default","ast-page-background-meta":{"desktop":{"background-color":"var(--ast-global-color-4)","background-image":"","background-repeat":"repeat","background-position":"center center","background-size":"auto","background-attachment":"scroll","background-type":"","background-media":"","overlay-type":"","overlay-color":"","overlay-opacity":"","overlay-gradient":""},"tablet":{"background-color":"","background-image":"","background-repeat":"repeat","background-position":"center center","background-size":"auto","background-attachment":"scroll","background-type":"","background-media":"","overlay-type":"","overlay-color":"","overlay-opacity":"","overlay-gradient":""},"mobile":{"background-color":"","background-image":"","background-repeat":"repeat","background-position":"center center","background-size":"auto","background-attachment":"scroll","background-type":"","background-media":"","overlay-type":"","overlay-color":"","overlay-opacity":"","overlay-gradient":""}},"ast-content-background-meta":{"desktop":{"background-color":"var(--ast-global-color-5)","background-image":"","background-repeat":"repeat","background-position":"center center","background-size":"auto","background-attachment":"scroll","background-type":"","background-media":"","overlay-type":"","overlay-color":"","overlay-opacity":"","overlay-gradient":""},"tablet":{"background-color":"var(--ast-global-color-5)","background-image":"","background-repeat":"repeat","background-position":"center center","background-size":"auto","background-attachment":"scroll","background-type":"","background-media":"","overlay-type":"","overlay-color":"","overlay-opacity":"","overlay-gradient":""},"mobile":{"background-color":"var(--ast-global-color-5)","background-image":"","background-repeat":"repeat","background-position":"center center","background-size":"auto","background-attachment":"scroll","background-type":"","background-media":"","overlay-type":"","overlay-color":"","overlay-opacity":"","overlay-gradient":""}}},"_links":{"self":[{"href":"https:\/\/asl52.fr\/index.php?rest_route=\/wp\/v2\/pages\/29314"}],"collection":[{"href":"https:\/\/asl52.fr\/index.php?rest_route=\/wp\/v2\/pages"}],"about":[{"href":"https:\/\/asl52.fr\/index.php?rest_route=\/wp\/v2\/types\/page"}],"author":[{"embeddable":true,"href":"https:\/\/asl52.fr\/index.php?rest_route=\/wp\/v2\/users\/1"}],"replies":[{"embeddable":true,"href":"https:\/\/asl52.fr\/index.php?rest_route=%2Fwp%2Fv2%2Fcomments&post=29314"}],"version-history":[{"count":124,"href":"https:\/\/asl52.fr\/index.php?rest_route=\/wp\/v2\/pages\/29314\/revisions"}],"predecessor-version":[{"id":35126,"href":"https:\/\/asl52.fr\/index.php?rest_route=\/wp\/v2\/pages\/29314\/revisions\/35126"}],"wp:attachment":[{"href":"https:\/\/asl52.fr\/index.php?rest_route=%2Fwp%2Fv2%2Fmedia&parent=29314"}],"curies":[{"name":"wp","href":"https:\/\/api.w.org\/{rel}","templated":true}]}}